{"id":5245,"date":"2023-07-13T13:10:58","date_gmt":"2023-07-13T11:10:58","guid":{"rendered":"https:\/\/www.smmk.sk\/?page_id=5245"},"modified":"2023-07-27T17:10:35","modified_gmt":"2023-07-27T15:10:35","slug":"klub-detskej-nadeje","status":"publish","type":"page","link":"https:\/\/www.smmk.sk\/?page_id=5245","title":{"rendered":"Klub detskej n\u00e1deje"},"content":{"rendered":"\t\t<div data-elementor-type=\"wp-post\" data-elementor-id=\"5245\" class=\"elementor elementor-5245\">\n\t\t\t\t\t\t\t\t\t<section class=\"elementor-section elementor-top-section elementor-element elementor-element-77be elementor-section-boxed elementor-section-height-default elementor-section-height-default\" data-id=\"77be\" data-element_type=\"section\">\n\t\t\t\t\t\t<div class=\"elementor-container elementor-column-gap-default\">\n\t\t\t\t\t<div class=\"elementor-column elementor-col-100 elementor-top-column elementor-element elementor-element-0b41627 column-style-top column-top\" data-id=\"0b41627\" data-element_type=\"column\">\n\t\t\t<div class=\"elementor-widget-wrap elementor-element-populated\">\n\t\t\t\t\t\t\t\t<div class=\"elementor-element elementor-element-adca471 elementor-widget elementor-widget-gva-heading-block\" data-id=\"adca471\" data-element_type=\"widget\" data-widget_type=\"gva-heading-block.default\">\n\t\t\t\t<div class=\"elementor-widget-container\">\n\t\t\t<div class=\"gva-element-gva-heading-block gva-element\">   <div class=\"align-left style-1 widget gsc-heading\">\r\n      <div class=\"content-inner\">\r\n                     <div class=\"heading-icon\"><img decoding=\"async\" src=\"https:\/\/www.smmk.sk\/wp-content\/plugins\/gavias-oxpitan-themer\/elementor\/assets\/images\/icon-heading.png\" alt=\"O n\u00e1s\"\/><\/div>\r\n           \r\n                     <h2 class=\"title\">\r\n               <span>O n\u00e1s<\/span>\r\n            <\/h2>\r\n                              <div class=\"sub-title\"><span>Zisti viac o na\u0161om klube<\/span><\/div>\r\n                              <div class=\"title-desc\">Klub detskej n\u00e1deje (KDN) je jedine\u010dn\u00fdm klubom SMMK, preto\u017ee funguje z iniciat\u00edvy \u0161tudentov v\u0161eobecn\u00e9ho lek\u00e1rstva len na jedinej  lek\u00e1rskej  fakulte na Slovensku  a tou je Lek\u00e1rska fakulta  Univerzity Pavla Jozefa \u0160af\u00e1rika v Ko\u0161iciach. KDN je klub s dlhoro\u010dnou trad\u00edciou. Jeho n\u00e1pl\u0148ou je spestrenie hospitaliz\u00e1cie det\u00ed v nemocnici \u010di u\u017e len oby\u010dajnou n\u00e1v\u0161tevou, hran\u00edm hier alebo \u0161peci\u00e1lnymi akciami ako je Ga\u0161tankovo, kde s de\u0165mi vyr\u00e1bame postavi\u010dky z ga\u0161tanov, karneval, na ktorom si deti vyr\u00e1baj\u00fa masky, divadeln\u00e9 predstavenie Tri prasiatka a ka\u017edoro\u010dn\u00e1 Viano\u010dn\u00e1 besiedka, na ktor\u00fa pr\u00edde aj Mikul\u00e1\u0161. V neposlednom rade k na\u0161im aktivit\u00e1m patr\u00ed zbierka hra\u010diek a zbierka oble\u010denia pre b\u00e1b\u00e4tk\u00e1, ktor\u00e1 v\u017edy poputuje do DFN v Ko\u0161iciach.<br><br>Ernest Hemingway raz povedal: \u201eNikto nie je ostrovom sam\u00fdm pre seba, ka\u017ed\u00fd je kusom pevniny, kusom s\u00fa\u0161e\u2026 a ak more odmyje hrudu, Eur\u00f3pa sa zmen\u0161\u00ed, akoby sa stratil v\u00fdbe\u017eok zeme alebo s\u00eddlo tvojich priate\u013eov \u010di tvoje vlastn\u00e9. Smr\u0165 ka\u017ed\u00e9ho \u010dloveka umen\u0161\u00ed m\u0148a, lebo ja som s\u00fa\u010das\u0165ou \u010dlove\u010denstva.\u201c Je pravda, \u017ee my, oby\u010dajn\u00ed \u0161tudenti bez titulu pred menom nem\u00f4\u017eme de\u0165om predp\u00edsa\u0165 lieky, nie sme ani rodi\u010dia aby sme im ich mohli k\u00fapi\u0165, no to neznamen\u00e1, \u017ee nevieme lie\u010di\u0165. My lie\u010dime smiechom, preto\u017ee ten je t\u00fdm najlacnej\u0161\u00edm liekom pre deti a tou najbohat\u0161ou v\u00fdplatou pre n\u00e1s. Ka\u017ed\u00e9mu z V\u00e1s prajem za\u017ei\u0165 ten pocit, ke\u010f sa k V\u00e1m cez t\u00fa dlho\u010d\u00edznu chodbu na oddelen\u00ed rozbehne die\u0165a, ktor\u00e9 sa e\u0161te minul\u00fd t\u00fd\u017ede\u0148 nevedelo postavi\u0165 z postele. T\u00fa rados\u0165 v detsk\u00fdch o\u010dk\u00e1ch diev\u010datka z onkol\u00f3gie, ke\u010f V\u00e1m m\u00f4\u017ee u\u010desa\u0165 vlasy. A to teplo pri srdci ke\u010f V\u00e1m mal\u00e9 b\u00e1b\u00e4tko zasp\u00ed v n\u00e1ru\u010d\u00ed, lebo sa s Vami c\u00edti bezpe\u010dne.<br><br>V \u017eivote nemus\u00edte ma\u0165 mili\u00f3n, sta\u010d\u00ed ak mate mili\u00f3nov\u00fd n\u00e1pad a viete robi\u0165 ve\u013ek\u00e9 veci\u2026 ve\u013ek\u00e9 pre V\u00e1s a mal\u00e9 pre \u010dlove\u010denstvo.<\/div>\r\n         \r\n               <\/div>\r\n   <\/div>\r\n   <div class=\"clearfix\"><\/div>\r\n<\/div>\t\t<\/div>\n\t\t\t\t<\/div>\n\t\t\t\t\t<\/div>\n\t\t<\/div>\n\t\t\t\t\t\t\t<\/div>\n\t\t<\/section>\n\t\t\t\t<section class=\"elementor-section elementor-top-section elementor-element elementor-element-2f234ed elementor-section-boxed elementor-section-height-default elementor-section-height-default\" data-id=\"2f234ed\" data-element_type=\"section\" data-settings=\"{&quot;background_background&quot;:&quot;classic&quot;}\">\n\t\t\t\t\t\t<div class=\"elementor-container elementor-column-gap-default\">\n\t\t\t\t\t<div class=\"elementor-column elementor-col-100 elementor-top-column elementor-element elementor-element-6fed7ec column-style-top column-top\" data-id=\"6fed7ec\" data-element_type=\"column\" data-settings=\"{&quot;background_background&quot;:&quot;classic&quot;}\">\n\t\t\t<div class=\"elementor-widget-wrap elementor-element-populated\">\n\t\t\t\t\t\t\t\t<div class=\"elementor-element elementor-element-87752b2 elementor-widget elementor-widget-gva-heading-block\" data-id=\"87752b2\" data-element_type=\"widget\" data-widget_type=\"gva-heading-block.default\">\n\t\t\t\t<div class=\"elementor-widget-container\">\n\t\t\t<div class=\"gva-element-gva-heading-block gva-element\">   <div class=\"align-left style-1 widget gsc-heading\">\r\n      <div class=\"content-inner\">\r\n                     <div class=\"heading-icon\"><img decoding=\"async\" src=\"https:\/\/www.smmk.sk\/wp-content\/plugins\/gavias-oxpitan-themer\/elementor\/assets\/images\/icon-heading.png\" alt=\"Na\u0161e akcie \"\/><\/div>\r\n           \r\n                     <h2 class=\"title\">\r\n               <span>Na\u0161e akcie <\/span>\r\n            <\/h2>\r\n                              <div class=\"sub-title\"><span>Tu sa m\u00f4\u017ee\u0161 dozvedie\u0165 viac o na\u0161ich aktivit\u00e1ch<\/span><\/div>\r\n                  \r\n               <\/div>\r\n   <\/div>\r\n   <div class=\"clearfix\"><\/div>\r\n<\/div>\t\t<\/div>\n\t\t\t\t<\/div>\n\t\t\t\t<div class=\"elementor-element elementor-element-cc28219 elementor-widget elementor-widget-accordion\" data-id=\"cc28219\" data-element_type=\"widget\" data-widget_type=\"accordion.default\">\n\t\t\t\t<div class=\"elementor-widget-container\">\n\t\t\t<style>\/*! elementor - v3.14.0 - 26-06-2023 *\/\n.elementor-accordion{text-align:left}.elementor-accordion .elementor-accordion-item{border:1px solid #d5d8dc}.elementor-accordion .elementor-accordion-item+.elementor-accordion-item{border-top:none}.elementor-accordion .elementor-tab-title{margin:0;padding:15px 20px;font-weight:700;line-height:1;cursor:pointer;outline:none}.elementor-accordion .elementor-tab-title .elementor-accordion-icon{display:inline-block;width:1.5em}.elementor-accordion .elementor-tab-title .elementor-accordion-icon svg{width:1em;height:1em}.elementor-accordion .elementor-tab-title .elementor-accordion-icon.elementor-accordion-icon-right{float:right;text-align:right}.elementor-accordion .elementor-tab-title .elementor-accordion-icon.elementor-accordion-icon-left{float:left;text-align:left}.elementor-accordion .elementor-tab-title .elementor-accordion-icon .elementor-accordion-icon-closed{display:block}.elementor-accordion .elementor-tab-title .elementor-accordion-icon .elementor-accordion-icon-opened,.elementor-accordion .elementor-tab-title.elementor-active .elementor-accordion-icon-closed{display:none}.elementor-accordion .elementor-tab-title.elementor-active .elementor-accordion-icon-opened{display:block}.elementor-accordion .elementor-tab-content{display:none;padding:15px 20px;border-top:1px solid #d5d8dc}@media (max-width:767px){.elementor-accordion .elementor-tab-title{padding:12px 15px}.elementor-accordion .elementor-tab-title .elementor-accordion-icon{width:1.2em}.elementor-accordion .elementor-tab-content{padding:7px 15px}}.e-con-inner>.elementor-widget-accordion,.e-con>.elementor-widget-accordion{width:var(--container-widget-width);--flex-grow:var(--container-widget-flex-grow)}<\/style>\t\t<div class=\"elementor-accordion\">\n\t\t\t\t\t\t\t<div class=\"elementor-accordion-item\">\n\t\t\t\t\t<h2 id=\"elementor-tab-title-2141\" class=\"elementor-tab-title\" data-tab=\"1\" role=\"button\" aria-controls=\"elementor-tab-content-2141\" aria-expanded=\"false\">\n\t\t\t\t\t\t\t\t\t\t\t\t\t<span class=\"elementor-accordion-icon elementor-accordion-icon-right\" aria-hidden=\"true\">\n\t\t\t\t\t\t\t\t\t\t\t\t\t\t\t<span class=\"elementor-accordion-icon-closed\"><i class=\"fas fa-plus\"><\/i><\/span>\n\t\t\t\t\t\t\t\t<span class=\"elementor-accordion-icon-opened\"><i class=\"fas fa-minus\"><\/i><\/span>\n\t\t\t\t\t\t\t\t\t\t\t\t\t\t<\/span>\n\t\t\t\t\t\t\t\t\t\t\t\t<a class=\"elementor-accordion-title\" tabindex=\"0\">N\u00e1v\u0161teva det\u00ed v DFN<\/a>\n\t\t\t\t\t<\/h2>\n\t\t\t\t\t<div id=\"elementor-tab-content-2141\" class=\"elementor-tab-content elementor-clearfix\" data-tab=\"1\" role=\"region\" aria-labelledby=\"elementor-tab-title-2141\"><p>Suspendisse finibus urna mauris, vitae consequat quam blandit vel. Vestibulum leo ligula, molestie ullamcorper vulputate vitae sodales commodo nisl. Nulla facilisi. Pellentesque est metus. There are many variations of eration in some form.<\/p><\/div>\n\t\t\t\t<\/div>\n\t\t\t\t\t\t\t<div class=\"elementor-accordion-item\">\n\t\t\t\t\t<h2 id=\"elementor-tab-title-2142\" class=\"elementor-tab-title\" data-tab=\"2\" role=\"button\" aria-controls=\"elementor-tab-content-2142\" aria-expanded=\"false\">\n\t\t\t\t\t\t\t\t\t\t\t\t\t<span class=\"elementor-accordion-icon elementor-accordion-icon-right\" aria-hidden=\"true\">\n\t\t\t\t\t\t\t\t\t\t\t\t\t\t\t<span class=\"elementor-accordion-icon-closed\"><i class=\"fas fa-plus\"><\/i><\/span>\n\t\t\t\t\t\t\t\t<span class=\"elementor-accordion-icon-opened\"><i class=\"fas fa-minus\"><\/i><\/span>\n\t\t\t\t\t\t\t\t\t\t\t\t\t\t<\/span>\n\t\t\t\t\t\t\t\t\t\t\t\t<a class=\"elementor-accordion-title\" tabindex=\"0\">Ga\u0161tankovo<\/a>\n\t\t\t\t\t<\/h2>\n\t\t\t\t\t<div id=\"elementor-tab-content-2142\" class=\"elementor-tab-content elementor-clearfix\" data-tab=\"2\" role=\"region\" aria-labelledby=\"elementor-tab-title-2142\"><p>Suspendisse finibus urna mauris, vitae consequat quam blandit vel. Vestibulum leo ligula, molestie ullamcorper vulputate vitae sodales commodo nisl. Nulla facilisi. Pellentesque est metus. There are many variations of eration in some form.<\/p><\/div>\n\t\t\t\t<\/div>\n\t\t\t\t\t\t\t<div class=\"elementor-accordion-item\">\n\t\t\t\t\t<h2 id=\"elementor-tab-title-2143\" class=\"elementor-tab-title\" data-tab=\"3\" role=\"button\" aria-controls=\"elementor-tab-content-2143\" aria-expanded=\"false\">\n\t\t\t\t\t\t\t\t\t\t\t\t\t<span class=\"elementor-accordion-icon elementor-accordion-icon-right\" aria-hidden=\"true\">\n\t\t\t\t\t\t\t\t\t\t\t\t\t\t\t<span class=\"elementor-accordion-icon-closed\"><i class=\"fas fa-plus\"><\/i><\/span>\n\t\t\t\t\t\t\t\t<span class=\"elementor-accordion-icon-opened\"><i class=\"fas fa-minus\"><\/i><\/span>\n\t\t\t\t\t\t\t\t\t\t\t\t\t\t<\/span>\n\t\t\t\t\t\t\t\t\t\t\t\t<a class=\"elementor-accordion-title\" tabindex=\"0\">Light it up blue<\/a>\n\t\t\t\t\t<\/h2>\n\t\t\t\t\t<div id=\"elementor-tab-content-2143\" class=\"elementor-tab-content elementor-clearfix\" data-tab=\"3\" role=\"region\" aria-labelledby=\"elementor-tab-title-2143\"><p>Suspendisse finibus urna mauris, vitae consequat quam blandit vel. Vestibulum leo ligula, molestie ullamcorper vulputate vitae sodales commodo nisl. Nulla facilisi. Pellentesque est metus. There are many variations of eration in some form.<\/p><\/div>\n\t\t\t\t<\/div>\n\t\t\t\t\t\t\t\t<\/div>\n\t\t\t\t<\/div>\n\t\t\t\t<\/div>\n\t\t\t\t\t<\/div>\n\t\t<\/div>\n\t\t\t\t\t\t\t<\/div>\n\t\t<\/section>\n\t\t\t\t<section class=\"elementor-section elementor-top-section elementor-element elementor-element-70ef elementor-section-boxed elementor-section-height-default elementor-section-height-default\" data-id=\"70ef\" data-element_type=\"section\">\n\t\t\t\t\t\t<div class=\"elementor-container elementor-column-gap-default\">\n\t\t\t\t\t<div class=\"elementor-column elementor-col-100 elementor-top-column elementor-element elementor-element-19ce column-style-top column-top\" data-id=\"19ce\" data-element_type=\"column\">\n\t\t\t<div class=\"elementor-widget-wrap elementor-element-populated\">\n\t\t\t\t\t\t\t\t<div class=\"elementor-element elementor-element-5ed0 elementor-widget elementor-widget-gva-heading-block\" data-id=\"5ed0\" data-element_type=\"widget\" data-widget_type=\"gva-heading-block.default\">\n\t\t\t\t<div class=\"elementor-widget-container\">\n\t\t\t<div class=\"gva-element-gva-heading-block gva-element\">   <div class=\"align-center style-1 widget gsc-heading\">\r\n      <div class=\"content-inner\">\r\n                     <div class=\"heading-icon\"><img decoding=\"async\" src=\"https:\/\/www.smmk.sk\/wp-content\/plugins\/gavias-oxpitan-themer\/elementor\/assets\/images\/icon-heading.png\" alt=\"N\u00e1\u0161 t\u00edm\"\/><\/div>\r\n           \r\n                     <h2 class=\"title\">\r\n               <span>N\u00e1\u0161 t\u00edm<\/span>\r\n            <\/h2>\r\n                              <div class=\"sub-title\"><span>Nev\u00e1haj n\u00e1s kontaktova\u0165<\/span><\/div>\r\n                  \r\n               <\/div>\r\n   <\/div>\r\n   <div class=\"clearfix\"><\/div>\r\n<\/div>\t\t<\/div>\n\t\t\t\t<\/div>\n\t\t\t\t<div class=\"elementor-element elementor-element-6ec9 elementor-widget elementor-widget-gva-teams\" data-id=\"6ec9\" data-element_type=\"widget\" data-widget_type=\"gva-teams.default\">\n\t\t\t\t<div class=\"elementor-widget-container\">\n\t\t\t<div class=\"gva-element-gva-teams gva-element\">\r\n   <div class=\"gva-teams-carousel\" data-filter=\"ymtj\">\r\n      <div class=\"init-carousel-owl owl-carousel\" data-items=\"1\" data-items_lg=\"1\" data-items_md=\"1\" data-items_sm=\"1\" data-items_xs=\"1\" data-loop=\"0\" data-speed=\"800\" data-auto_play=\"1\" data-auto_play_speed=\"800\" data-auto_play_timeout=\"6000\" data-auto_play_hover=\"1\" data-navigation=\"1\" data-pagination=\"0\" data-mouse_drag=\"1\" data-touch_drag=\"1\" >\r\n          <div class=\"team-block team-v2 text-light\">\n\t\t<div class=\"team-content\">\n               <div class=\"bg-overlay orange\">\n            <div class=\"bg-overlay-1\"><\/div>\n            <div class=\"bg-overlay-2\"><\/div>\n         <\/div>\n         \n\t   <div class=\"team-content-inner\">\n         <div class=\"team-name\"><a href=\"https:\/\/www.smmk.sk\/?gva_team=ralph-marino\">\u013dubom\u00edra Marczellov\u00e1<\/a><\/div>\n   \t      \n   \t   \t<div class=\"team-job\">Lok\u00e1lna koordin\u00e1torka klubu detskej n\u00e1deje<\/div>\n   \t         <\/div>\n\t<\/div>\n<\/div>        <\/div>\r\n   <\/div>\r\n  <\/div>\t\t<\/div>\n\t\t\t\t<\/div>\n\t\t\t\t\t<\/div>\n\t\t<\/div>\n\t\t\t\t\t\t\t<\/div>\n\t\t<\/section>\n\t\t\t\t<section class=\"elementor-section elementor-top-section elementor-element elementor-element-0632258 elementor-section-boxed elementor-section-height-default elementor-section-height-default\" data-id=\"0632258\" data-element_type=\"section\" data-settings=\"{&quot;background_background&quot;:&quot;classic&quot;}\">\n\t\t\t\t\t\t<div class=\"elementor-container elementor-column-gap-default\">\n\t\t\t\t\t<div class=\"elementor-column elementor-col-100 elementor-top-column elementor-element elementor-element-564b21e column-style-top column-top\" data-id=\"564b21e\" data-element_type=\"column\">\n\t\t\t<div class=\"elementor-widget-wrap elementor-element-populated\">\n\t\t\t\t\t\t\t\t<div class=\"elementor-element elementor-element-0d99eeb elementor-widget elementor-widget-gva-heading-block\" data-id=\"0d99eeb\" data-element_type=\"widget\" data-widget_type=\"gva-heading-block.default\">\n\t\t\t\t<div class=\"elementor-widget-container\">\n\t\t\t<div class=\"gva-element-gva-heading-block gva-element\">   <div class=\"align-center style-1 widget gsc-heading\">\r\n      <div class=\"content-inner\">\r\n                     <div class=\"heading-icon\"><img decoding=\"async\" src=\"https:\/\/www.smmk.sk\/wp-content\/plugins\/gavias-oxpitan-themer\/elementor\/assets\/images\/icon-heading.png\" alt=\"Zaujala \u0164a nejak\u00e1 akcia? M\u00e1\u0161 n\u00e1pad na nov\u00fd projekt?\"\/><\/div>\r\n           \r\n                     <h2 class=\"title\">\r\n               <span>Zaujala \u0164a nejak\u00e1 akcia? M\u00e1\u0161 n\u00e1pad na nov\u00fd projekt?<\/span>\r\n            <\/h2>\r\n                              <div class=\"sub-title\"><span>Nev\u00e1haj a nap\u00ed\u0161 n\u00e1\u0161mu koordin\u00e1torovi<\/span><\/div>\r\n                  \r\n                     <div class=\"heading-action\">\r\n                       <a href=\"mailto:kdn@smmk.sk\" class=\"btn-theme btn-cta\">\r\n          Kontaktova\u0165        <\/a>\r\n\r\n                    <\/div>\r\n               <\/div>\r\n   <\/div>\r\n   <div class=\"clearfix\"><\/div>\r\n<\/div>\t\t<\/div>\n\t\t\t\t<\/div>\n\t\t\t\t\t<\/div>\n\t\t<\/div>\n\t\t\t\t\t\t\t<\/div>\n\t\t<\/section>\n\t\t\t\t<section class=\"elementor-section elementor-top-section elementor-element elementor-element-716b720 elementor-section-boxed elementor-section-height-default elementor-section-height-default\" data-id=\"716b720\" data-element_type=\"section\">\n\t\t\t\t\t\t<div class=\"elementor-container elementor-column-gap-default\">\n\t\t\t\t\t<div class=\"elementor-column elementor-col-100 elementor-top-column elementor-element elementor-element-9ce702b column-style-top column-top\" data-id=\"9ce702b\" data-element_type=\"column\">\n\t\t\t<div class=\"elementor-widget-wrap elementor-element-populated\">\n\t\t\t\t\t\t\t\t<div class=\"elementor-element elementor-element-4fe32d7 elementor-widget elementor-widget-gva-heading-block\" data-id=\"4fe32d7\" data-element_type=\"widget\" data-widget_type=\"gva-heading-block.default\">\n\t\t\t\t<div class=\"elementor-widget-container\">\n\t\t\t<div class=\"gva-element-gva-heading-block gva-element\">   <div class=\"align-center style-1 widget gsc-heading\">\r\n      <div class=\"content-inner\">\r\n                     <div class=\"heading-icon\"><img decoding=\"async\" src=\"https:\/\/www.smmk.sk\/wp-content\/plugins\/gavias-oxpitan-themer\/elementor\/assets\/images\/icon-heading.png\" alt=\"Fotky z akci\u00ed n\u00e1\u0161ho klubu\"\/><\/div>\r\n           \r\n                     <h2 class=\"title\">\r\n               <span>Fotky z akci\u00ed n\u00e1\u0161ho klubu<\/span>\r\n            <\/h2>\r\n                              <div class=\"sub-title\"><span>S\u00fa\u010das\u0165ou t\u00fdchto akci\u00ed m\u00f4\u017ee\u0161 by\u0165 aj Ty<\/span><\/div>\r\n                  \r\n               <\/div>\r\n   <\/div>\r\n   <div class=\"clearfix\"><\/div>\r\n<\/div>\t\t<\/div>\n\t\t\t\t<\/div>\n\t\t\t\t<div class=\"elementor-element elementor-element-ad94a08 elementor-widget elementor-widget-gva-gallery\" data-id=\"ad94a08\" data-element_type=\"widget\" data-widget_type=\"gva-gallery.default\">\n\t\t\t\t<div class=\"elementor-widget-container\">\n\t\t\t<div class=\"gva-element-gva-gallery gva-element\">  \r\n  <div class=\"gva-gallery-grid clearfix grid-chk8\">\r\n      <div class=\"gva-content-items\"> \r\n        <div class=\"lg-block-grid-3 md-block-grid-3 sm-block-grid-2 xs-block-grid-1\">\r\n          <div class=\"item-column\"><div class=\"gallery-post text-center \"> \r\n  <div class=\"images lightGallery\">\r\n                <div class=\"image-item\" id=\"5693\">\r\n               <a href=\"https:\/\/www.smmk.sk\/wp-content\/uploads\/2023\/08\/IMG-0318-scaled.jpg\" class=\"zoomGallery\" data-rel=\"lightGallery\">\r\n                  <span class=\"icon-expand\"><\/span>\r\n                  <img decoding=\"async\" src=\"https:\/\/www.smmk.sk\/wp-content\/uploads\/2023\/08\/IMG-0318-180x180.jpg\"  class=\"hidden\" alt=\"KDN\" \/>\r\n               <\/a>\r\n               <img width=\"780\" height=\"550\" src=\"https:\/\/www.smmk.sk\/wp-content\/uploads\/2023\/08\/IMG-0318-780x550.jpg\" class=\"attachment-oxpitan_medium size-oxpitan_medium\" alt=\"\" decoding=\"async\" loading=\"lazy\" \/>            <\/div>\r\n             <div class=\"gallery-title hidden\">KDN<\/div>\r\n  <\/div>\r\n  <div class=\"background-overlay\"><\/div>\r\n<\/div><\/div><div class=\"item-column\"><div class=\"gallery-post text-center \"> \r\n  <div class=\"images lightGallery\">\r\n                <div class=\"image-item\" id=\"5692\">\r\n               <a href=\"https:\/\/www.smmk.sk\/wp-content\/uploads\/2023\/08\/IMG-2806-scaled.jpg\" class=\"zoomGallery\" data-rel=\"lightGallery\">\r\n                  <span class=\"icon-expand\"><\/span>\r\n                  <img decoding=\"async\" src=\"https:\/\/www.smmk.sk\/wp-content\/uploads\/2023\/08\/IMG-2806-180x180.jpg\"  class=\"hidden\" alt=\"KDN\" \/>\r\n               <\/a>\r\n               <img width=\"780\" height=\"550\" src=\"https:\/\/www.smmk.sk\/wp-content\/uploads\/2023\/08\/IMG-2806-780x550.jpg\" class=\"attachment-oxpitan_medium size-oxpitan_medium\" alt=\"\" decoding=\"async\" loading=\"lazy\" \/>            <\/div>\r\n             <div class=\"gallery-title hidden\">KDN<\/div>\r\n  <\/div>\r\n  <div class=\"background-overlay\"><\/div>\r\n<\/div><\/div><div class=\"item-column\"><div class=\"gallery-post text-center \"> \r\n  <div class=\"images lightGallery\">\r\n                <div class=\"image-item\" id=\"5691\">\r\n               <a href=\"https:\/\/www.smmk.sk\/wp-content\/uploads\/2023\/08\/IMG-9049.jpg\" class=\"zoomGallery\" data-rel=\"lightGallery\">\r\n                  <span class=\"icon-expand\"><\/span>\r\n                  <img decoding=\"async\" src=\"https:\/\/www.smmk.sk\/wp-content\/uploads\/2023\/08\/IMG-9049-180x180.jpg\"  class=\"hidden\" alt=\"KDN\" \/>\r\n               <\/a>\r\n               <img width=\"720\" height=\"550\" src=\"https:\/\/www.smmk.sk\/wp-content\/uploads\/2023\/08\/IMG-9049-720x550.jpg\" class=\"attachment-oxpitan_medium size-oxpitan_medium\" alt=\"\" decoding=\"async\" loading=\"lazy\" \/>            <\/div>\r\n             <div class=\"gallery-title hidden\">KDN<\/div>\r\n  <\/div>\r\n  <div class=\"background-overlay\"><\/div>\r\n<\/div><\/div><div class=\"item-column\"><div class=\"gallery-post text-center \"> \r\n  <div class=\"images lightGallery\">\r\n                <div class=\"image-item\" id=\"5690\">\r\n               <a href=\"https:\/\/www.smmk.sk\/wp-content\/uploads\/2023\/08\/IMG-0525.jpg\" class=\"zoomGallery\" data-rel=\"lightGallery\">\r\n                  <span class=\"icon-expand\"><\/span>\r\n                  <img decoding=\"async\" src=\"https:\/\/www.smmk.sk\/wp-content\/uploads\/2023\/08\/IMG-0525-180x180.jpg\"  class=\"hidden\" alt=\"KDN\" \/>\r\n               <\/a>\r\n               <img width=\"780\" height=\"550\" src=\"https:\/\/www.smmk.sk\/wp-content\/uploads\/2023\/08\/IMG-0525-780x550.jpg\" class=\"attachment-oxpitan_medium size-oxpitan_medium\" alt=\"\" decoding=\"async\" loading=\"lazy\" \/>            <\/div>\r\n             <div class=\"gallery-title hidden\">KDN<\/div>\r\n  <\/div>\r\n  <div class=\"background-overlay\"><\/div>\r\n<\/div><\/div><div class=\"item-column\"><div class=\"gallery-post text-center \"> \r\n  <div class=\"images lightGallery\">\r\n                <div class=\"image-item\" id=\"5689\">\r\n               <a href=\"https:\/\/www.smmk.sk\/wp-content\/uploads\/2023\/08\/IMG-1634.jpg\" class=\"zoomGallery\" data-rel=\"lightGallery\">\r\n                  <span class=\"icon-expand\"><\/span>\r\n                  <img decoding=\"async\" src=\"https:\/\/www.smmk.sk\/wp-content\/uploads\/2023\/08\/IMG-1634-180x180.jpg\"  class=\"hidden\" alt=\"KDN\" \/>\r\n               <\/a>\r\n               <img width=\"780\" height=\"550\" src=\"https:\/\/www.smmk.sk\/wp-content\/uploads\/2023\/08\/IMG-1634-780x550.jpg\" class=\"attachment-oxpitan_medium size-oxpitan_medium\" alt=\"\" decoding=\"async\" loading=\"lazy\" \/>            <\/div>\r\n             <div class=\"gallery-title hidden\">KDN<\/div>\r\n  <\/div>\r\n  <div class=\"background-overlay\"><\/div>\r\n<\/div><\/div><div class=\"item-column\"><div class=\"gallery-post text-center \"> \r\n  <div class=\"images lightGallery\">\r\n                <div class=\"image-item\" id=\"5688\">\r\n               <a href=\"https:\/\/www.smmk.sk\/wp-content\/uploads\/2023\/08\/IMG-0325-scaled.jpg\" class=\"zoomGallery\" data-rel=\"lightGallery\">\r\n                  <span class=\"icon-expand\"><\/span>\r\n                  <img decoding=\"async\" src=\"https:\/\/www.smmk.sk\/wp-content\/uploads\/2023\/08\/IMG-0325-180x180.jpg\"  class=\"hidden\" alt=\"KDN\" \/>\r\n               <\/a>\r\n               <img width=\"780\" height=\"550\" src=\"https:\/\/www.smmk.sk\/wp-content\/uploads\/2023\/08\/IMG-0325-780x550.jpg\" class=\"attachment-oxpitan_medium size-oxpitan_medium\" alt=\"\" decoding=\"async\" loading=\"lazy\" \/>            <\/div>\r\n             <div class=\"gallery-title hidden\">KDN<\/div>\r\n  <\/div>\r\n  <div class=\"background-overlay\"><\/div>\r\n<\/div><\/div>        <\/div>\r\n      <\/div>\r\n        <\/div>\r\n  <\/div>\t\t<\/div>\n\t\t\t\t<\/div>\n\t\t\t\t\t<\/div>\n\t\t<\/div>\n\t\t\t\t\t\t\t<\/div>\n\t\t<\/section>\n\t\t\t\t\t\t\t<\/div>\n\t\t","protected":false},"excerpt":{"rendered":"<p>O n\u00e1s Zisti viac o na\u0161om klube Klub detskej n\u00e1deje (KDN) je jedine\u010dn\u00fdm klubom SMMK, preto\u017ee funguje z iniciat\u00edvy \u0161tudentov v\u0161eobecn\u00e9ho lek\u00e1rstva len na jedinej lek\u00e1rskej fakulte na Slovensku a tou je Lek\u00e1rska fakulta Univerzity Pavla Jozefa \u0160af\u00e1rika v Ko\u0161iciach. KDN je klub s dlhoro\u010dnou trad\u00edciou. Jeho n\u00e1pl\u0148ou je spestrenie hospitaliz\u00e1cie det\u00ed v nemocnici \u010di [&hellip;]<\/p>\n","protected":false},"author":1,"featured_media":0,"parent":0,"menu_order":0,"comment_status":"closed","ping_status":"closed","template":"","meta":[],"_links":{"self":[{"href":"https:\/\/www.smmk.sk\/index.php?rest_route=\/wp\/v2\/pages\/5245"}],"collection":[{"href":"https:\/\/www.smmk.sk\/index.php?rest_route=\/wp\/v2\/pages"}],"about":[{"href":"https:\/\/www.smmk.sk\/index.php?rest_route=\/wp\/v2\/types\/page"}],"author":[{"embeddable":true,"href":"https:\/\/www.smmk.sk\/index.php?rest_route=\/wp\/v2\/users\/1"}],"replies":[{"embeddable":true,"href":"https:\/\/www.smmk.sk\/index.php?rest_route=%2Fwp%2Fv2%2Fcomments&post=5245"}],"version-history":[{"count":6,"href":"https:\/\/www.smmk.sk\/index.php?rest_route=\/wp\/v2\/pages\/5245\/revisions"}],"predecessor-version":[{"id":5548,"href":"https:\/\/www.smmk.sk\/index.php?rest_route=\/wp\/v2\/pages\/5245\/revisions\/5548"}],"wp:attachment":[{"href":"https:\/\/www.smmk.sk\/index.php?rest_route=%2Fwp%2Fv2%2Fmedia&parent=5245"}],"curies":[{"name":"wp","href":"https:\/\/api.w.org\/{rel}","templated":true}]}}