{"id":612,"date":"2016-03-07T03:11:04","date_gmt":"2016-03-07T03:11:04","guid":{"rendered":"https:\/\/gaviaspreview.com\/wp\/oxpitan\/?page_id=612"},"modified":"2023-08-06T13:50:26","modified_gmt":"2023-08-06T11:50:26","slug":"about-page","status":"publish","type":"page","link":"https:\/\/www.smmk.sk\/?page_id=612","title":{"rendered":"O n\u00e1s"},"content":{"rendered":"\t\t<div data-elementor-type=\"wp-post\" data-elementor-id=\"612\" class=\"elementor elementor-612\">\n\t\t\t\t\t\t\t\t\t<section class=\"elementor-section elementor-top-section elementor-element elementor-element-6327 elementor-section-full_width elementor-section-height-default elementor-section-height-default\" data-id=\"6327\" data-element_type=\"section\">\n\t\t\t\t\t\t<div class=\"elementor-container elementor-column-gap-default\">\n\t\t\t\t\t<div class=\"elementor-column elementor-col-100 elementor-top-column elementor-element elementor-element-11e6 column-style-top column-top\" data-id=\"11e6\" data-element_type=\"column\">\n\t\t\t<div class=\"elementor-widget-wrap elementor-element-populated\">\n\t\t\t\t\t\t\t\t<div class=\"elementor-element elementor-element-d777ec9 elementor-widget elementor-widget-image\" data-id=\"d777ec9\" data-element_type=\"widget\" data-widget_type=\"image.default\">\n\t\t\t\t<div class=\"elementor-widget-container\">\n\t\t\t<style>\/*! elementor - v3.14.0 - 26-06-2023 *\/\n.elementor-widget-image{text-align:center}.elementor-widget-image a{display:inline-block}.elementor-widget-image a img[src$=\".svg\"]{width:48px}.elementor-widget-image img{vertical-align:middle;display:inline-block}<\/style>\t\t\t\t\t\t\t\t\t\t\t\t<img decoding=\"async\" width=\"2041\" height=\"1131\" src=\"https:\/\/www.smmk.sk\/wp-content\/uploads\/2023\/07\/340750696_227602789944442_6034591263614681404_n.jpg\" class=\"attachment-full size-full wp-image-5300\" alt=\"\" loading=\"lazy\" \/>\t\t\t\t\t\t\t\t\t\t\t\t\t\t\t<\/div>\n\t\t\t\t<\/div>\n\t\t\t\t\t<\/div>\n\t\t<\/div>\n\t\t\t\t\t\t\t<\/div>\n\t\t<\/section>\n\t\t\t\t<section class=\"elementor-section elementor-top-section elementor-element elementor-element-77be elementor-section-boxed elementor-section-height-default elementor-section-height-default\" data-id=\"77be\" data-element_type=\"section\">\n\t\t\t\t\t\t<div class=\"elementor-container elementor-column-gap-default\">\n\t\t\t\t\t<div class=\"elementor-column elementor-col-100 elementor-top-column elementor-element elementor-element-0b41627 column-style-top column-top\" data-id=\"0b41627\" data-element_type=\"column\">\n\t\t\t<div class=\"elementor-widget-wrap elementor-element-populated\">\n\t\t\t\t\t\t\t\t<div class=\"elementor-element elementor-element-adca471 elementor-widget elementor-widget-gva-heading-block\" data-id=\"adca471\" data-element_type=\"widget\" data-widget_type=\"gva-heading-block.default\">\n\t\t\t\t<div class=\"elementor-widget-container\">\n\t\t\t<div class=\"gva-element-gva-heading-block gva-element\">   <div class=\"align-left style-1 widget gsc-heading\">\r\n      <div class=\"content-inner\">\r\n                     <div class=\"heading-icon\"><img decoding=\"async\" src=\"https:\/\/www.smmk.sk\/wp-content\/plugins\/gavias-oxpitan-themer\/elementor\/assets\/images\/icon-heading.png\" alt=\"Discover About Oxpitan\"\/><\/div>\r\n           \r\n                     <h2 class=\"title\">\r\n               <span>Discover About Oxpitan<\/span>\r\n            <\/h2>\r\n                              <div class=\"sub-title\"><span>learn about non profit agency<\/span><\/div>\r\n                              <div class=\"title-desc\">Tincidunt elit magnis nulla facilisis sagittis maecenas. Sapien nunced amet ultrices, dolores sit ipsum velit purus aliquet, massa fringilla leo orcium dolors sit amet elit magnis amet ultrices lorem ipsum is simply free text purusrfed aliquet. Lorem ipsum dolor sit amet, consectetuer adipiscing elit. Aenean commodo ligula eget dolor. Aenean massa. Cum sociis natoque penatibus et magnis dis parturient montes, nascetur ridiculus.<\/div>\r\n         \r\n               <\/div>\r\n   <\/div>\r\n   <div class=\"clearfix\"><\/div>\r\n<\/div>\t\t<\/div>\n\t\t\t\t<\/div>\n\t\t\t\t\t<\/div>\n\t\t<\/div>\n\t\t\t\t\t\t\t<\/div>\n\t\t<\/section>\n\t\t\t\t<section class=\"elementor-section elementor-top-section elementor-element elementor-element-2f234ed elementor-section-boxed elementor-section-height-default elementor-section-height-default\" data-id=\"2f234ed\" data-element_type=\"section\" data-settings=\"{&quot;background_background&quot;:&quot;classic&quot;}\">\n\t\t\t\t\t\t<div class=\"elementor-container elementor-column-gap-default\">\n\t\t\t\t\t<div class=\"elementor-column elementor-col-50 elementor-top-column elementor-element elementor-element-2350ec8 column-style-top column-top\" data-id=\"2350ec8\" data-element_type=\"column\">\n\t\t\t<div class=\"elementor-widget-wrap elementor-element-populated\">\n\t\t\t\t\t\t\t\t<div class=\"elementor-element elementor-element-87752b2 elementor-widget elementor-widget-gva-heading-block\" data-id=\"87752b2\" data-element_type=\"widget\" data-widget_type=\"gva-heading-block.default\">\n\t\t\t\t<div class=\"elementor-widget-container\">\n\t\t\t<div class=\"gva-element-gva-heading-block gva-element\">   <div class=\"align-left style-1 widget gsc-heading\">\r\n      <div class=\"content-inner\">\r\n                     <div class=\"heading-icon\"><img decoding=\"async\" src=\"https:\/\/www.smmk.sk\/wp-content\/plugins\/gavias-oxpitan-themer\/elementor\/assets\/images\/icon-heading.png\" alt=\"Zauj\u00edma \u0164a nie\u010do?\"\/><\/div>\r\n           \r\n                     <h2 class=\"title\">\r\n               <span>Zauj\u00edma \u0164a nie\u010do?<\/span>\r\n            <\/h2>\r\n                              <div class=\"sub-title\"><span>Naj\u010dastej\u0161ie ot\u00e1zky<\/span><\/div>\r\n                  \r\n               <\/div>\r\n   <\/div>\r\n   <div class=\"clearfix\"><\/div>\r\n<\/div>\t\t<\/div>\n\t\t\t\t<\/div>\n\t\t\t\t<div class=\"elementor-element elementor-element-e465e95 elementor-widget elementor-widget-image\" data-id=\"e465e95\" data-element_type=\"widget\" data-widget_type=\"image.default\">\n\t\t\t\t<div class=\"elementor-widget-container\">\n\t\t\t\t\t\t\t\t\t\t\t\t\t\t\t<img decoding=\"async\" src=\"https:\/\/gaviaspreview.com\/wp\/oxpitan\/wp-content\/uploads\/2019\/04\/image-14.jpg\" title=\"\" alt=\"\" loading=\"lazy\" \/>\t\t\t\t\t\t\t\t\t\t\t\t\t\t\t<\/div>\n\t\t\t\t<\/div>\n\t\t\t\t\t<\/div>\n\t\t<\/div>\n\t\t\t\t<div class=\"elementor-column elementor-col-50 elementor-top-column elementor-element elementor-element-6fed7ec column-style-top column-top\" data-id=\"6fed7ec\" data-element_type=\"column\">\n\t\t\t<div class=\"elementor-widget-wrap elementor-element-populated\">\n\t\t\t\t\t\t\t\t<div class=\"elementor-element elementor-element-cc28219 elementor-widget elementor-widget-accordion\" data-id=\"cc28219\" data-element_type=\"widget\" data-widget_type=\"accordion.default\">\n\t\t\t\t<div class=\"elementor-widget-container\">\n\t\t\t<style>\/*! elementor - v3.14.0 - 26-06-2023 *\/\n.elementor-accordion{text-align:left}.elementor-accordion .elementor-accordion-item{border:1px solid #d5d8dc}.elementor-accordion .elementor-accordion-item+.elementor-accordion-item{border-top:none}.elementor-accordion .elementor-tab-title{margin:0;padding:15px 20px;font-weight:700;line-height:1;cursor:pointer;outline:none}.elementor-accordion .elementor-tab-title .elementor-accordion-icon{display:inline-block;width:1.5em}.elementor-accordion .elementor-tab-title .elementor-accordion-icon svg{width:1em;height:1em}.elementor-accordion .elementor-tab-title .elementor-accordion-icon.elementor-accordion-icon-right{float:right;text-align:right}.elementor-accordion .elementor-tab-title .elementor-accordion-icon.elementor-accordion-icon-left{float:left;text-align:left}.elementor-accordion .elementor-tab-title .elementor-accordion-icon .elementor-accordion-icon-closed{display:block}.elementor-accordion .elementor-tab-title .elementor-accordion-icon .elementor-accordion-icon-opened,.elementor-accordion .elementor-tab-title.elementor-active .elementor-accordion-icon-closed{display:none}.elementor-accordion .elementor-tab-title.elementor-active .elementor-accordion-icon-opened{display:block}.elementor-accordion .elementor-tab-content{display:none;padding:15px 20px;border-top:1px solid #d5d8dc}@media (max-width:767px){.elementor-accordion .elementor-tab-title{padding:12px 15px}.elementor-accordion .elementor-tab-title .elementor-accordion-icon{width:1.2em}.elementor-accordion .elementor-tab-content{padding:7px 15px}}.e-con-inner>.elementor-widget-accordion,.e-con>.elementor-widget-accordion{width:var(--container-widget-width);--flex-grow:var(--container-widget-flex-grow)}<\/style>\t\t<div class=\"elementor-accordion\">\n\t\t\t\t\t\t\t<div class=\"elementor-accordion-item\">\n\t\t\t\t\t<h2 id=\"elementor-tab-title-2141\" class=\"elementor-tab-title\" data-tab=\"1\" role=\"button\" aria-controls=\"elementor-tab-content-2141\" aria-expanded=\"false\">\n\t\t\t\t\t\t\t\t\t\t\t\t\t<span class=\"elementor-accordion-icon elementor-accordion-icon-right\" aria-hidden=\"true\">\n\t\t\t\t\t\t\t\t\t\t\t\t\t\t\t<span class=\"elementor-accordion-icon-closed\"><i class=\"fas fa-plus\"><\/i><\/span>\n\t\t\t\t\t\t\t\t<span class=\"elementor-accordion-icon-opened\"><i class=\"fas fa-minus\"><\/i><\/span>\n\t\t\t\t\t\t\t\t\t\t\t\t\t\t<\/span>\n\t\t\t\t\t\t\t\t\t\t\t\t<a class=\"elementor-accordion-title\" tabindex=\"0\">Make a difference in the life of a child<\/a>\n\t\t\t\t\t<\/h2>\n\t\t\t\t\t<div id=\"elementor-tab-content-2141\" class=\"elementor-tab-content elementor-clearfix\" data-tab=\"1\" role=\"region\" aria-labelledby=\"elementor-tab-title-2141\"><p>Suspendisse finibus urna mauris, vitae consequat quam blandit vel. Vestibulum leo ligula, molestie ullamcorper vulputate vitae sodales commodo nisl. Nulla facilisi. Pellentesque est metus. There are many variations of eration in some form.<\/p><\/div>\n\t\t\t\t<\/div>\n\t\t\t\t\t\t\t<div class=\"elementor-accordion-item\">\n\t\t\t\t\t<h2 id=\"elementor-tab-title-2142\" class=\"elementor-tab-title\" data-tab=\"2\" role=\"button\" aria-controls=\"elementor-tab-content-2142\" aria-expanded=\"false\">\n\t\t\t\t\t\t\t\t\t\t\t\t\t<span class=\"elementor-accordion-icon elementor-accordion-icon-right\" aria-hidden=\"true\">\n\t\t\t\t\t\t\t\t\t\t\t\t\t\t\t<span class=\"elementor-accordion-icon-closed\"><i class=\"fas fa-plus\"><\/i><\/span>\n\t\t\t\t\t\t\t\t<span class=\"elementor-accordion-icon-opened\"><i class=\"fas fa-minus\"><\/i><\/span>\n\t\t\t\t\t\t\t\t\t\t\t\t\t\t<\/span>\n\t\t\t\t\t\t\t\t\t\t\t\t<a class=\"elementor-accordion-title\" tabindex=\"0\">Let's do the right thing now<\/a>\n\t\t\t\t\t<\/h2>\n\t\t\t\t\t<div id=\"elementor-tab-content-2142\" class=\"elementor-tab-content elementor-clearfix\" data-tab=\"2\" role=\"region\" aria-labelledby=\"elementor-tab-title-2142\"><p>Suspendisse finibus urna mauris, vitae consequat quam blandit vel. Vestibulum leo ligula, molestie ullamcorper vulputate vitae sodales commodo nisl. Nulla facilisi. Pellentesque est metus. There are many variations of eration in some form.<\/p><\/div>\n\t\t\t\t<\/div>\n\t\t\t\t\t\t\t<div class=\"elementor-accordion-item\">\n\t\t\t\t\t<h2 id=\"elementor-tab-title-2143\" class=\"elementor-tab-title\" data-tab=\"3\" role=\"button\" aria-controls=\"elementor-tab-content-2143\" aria-expanded=\"false\">\n\t\t\t\t\t\t\t\t\t\t\t\t\t<span class=\"elementor-accordion-icon elementor-accordion-icon-right\" aria-hidden=\"true\">\n\t\t\t\t\t\t\t\t\t\t\t\t\t\t\t<span class=\"elementor-accordion-icon-closed\"><i class=\"fas fa-plus\"><\/i><\/span>\n\t\t\t\t\t\t\t\t<span class=\"elementor-accordion-icon-opened\"><i class=\"fas fa-minus\"><\/i><\/span>\n\t\t\t\t\t\t\t\t\t\t\t\t\t\t<\/span>\n\t\t\t\t\t\t\t\t\t\t\t\t<a class=\"elementor-accordion-title\" tabindex=\"0\">Join your hand with us for a better life<\/a>\n\t\t\t\t\t<\/h2>\n\t\t\t\t\t<div id=\"elementor-tab-content-2143\" class=\"elementor-tab-content elementor-clearfix\" data-tab=\"3\" role=\"region\" aria-labelledby=\"elementor-tab-title-2143\"><p>Suspendisse finibus urna mauris, vitae consequat quam blandit vel. Vestibulum leo ligula, molestie ullamcorper vulputate vitae sodales commodo nisl. Nulla facilisi. Pellentesque est metus. There are many variations of eration in some form.<\/p><\/div>\n\t\t\t\t<\/div>\n\t\t\t\t\t\t\t\t<\/div>\n\t\t\t\t<\/div>\n\t\t\t\t<\/div>\n\t\t\t\t\t<\/div>\n\t\t<\/div>\n\t\t\t\t\t\t\t<\/div>\n\t\t<\/section>\n\t\t\t\t<section class=\"elementor-section elementor-top-section elementor-element elementor-element-70ef elementor-section-boxed elementor-section-height-default elementor-section-height-default\" data-id=\"70ef\" data-element_type=\"section\">\n\t\t\t\t\t\t<div class=\"elementor-container elementor-column-gap-default\">\n\t\t\t\t\t<div class=\"elementor-column elementor-col-100 elementor-top-column elementor-element elementor-element-19ce column-style-top column-top\" data-id=\"19ce\" data-element_type=\"column\">\n\t\t\t<div class=\"elementor-widget-wrap elementor-element-populated\">\n\t\t\t\t\t\t\t\t<div class=\"elementor-element elementor-element-5ed0 elementor-widget elementor-widget-gva-heading-block\" data-id=\"5ed0\" data-element_type=\"widget\" data-widget_type=\"gva-heading-block.default\">\n\t\t\t\t<div class=\"elementor-widget-container\">\n\t\t\t<div class=\"gva-element-gva-heading-block gva-element\">   <div class=\"align-center style-1 widget gsc-heading\">\r\n      <div class=\"content-inner\">\r\n                     <div class=\"heading-icon\"><img decoding=\"async\" src=\"https:\/\/www.smmk.sk\/wp-content\/plugins\/gavias-oxpitan-themer\/elementor\/assets\/images\/icon-heading.png\" alt=\"N\u00e1\u0161 t\u00edm\"\/><\/div>\r\n           \r\n                     <h2 class=\"title\">\r\n               <span>N\u00e1\u0161 t\u00edm<\/span>\r\n            <\/h2>\r\n                              <div class=\"sub-title\"><span>Nev\u00e1haj n\u00e1s kontaktova\u0165<\/span><\/div>\r\n                  \r\n               <\/div>\r\n   <\/div>\r\n   <div class=\"clearfix\"><\/div>\r\n<\/div>\t\t<\/div>\n\t\t\t\t<\/div>\n\t\t\t\t<div class=\"elementor-element elementor-element-6ec9 elementor-widget elementor-widget-gva-teams\" data-id=\"6ec9\" data-element_type=\"widget\" data-widget_type=\"gva-teams.default\">\n\t\t\t\t<div class=\"elementor-widget-container\">\n\t\t\t<div class=\"gva-element-gva-teams gva-element\">\r\n   <div class=\"gva-teams-carousel\" data-filter=\"vgjd\">\r\n      <div class=\"init-carousel-owl owl-carousel\" data-items=\"4\" data-items_lg=\"4\" data-items_md=\"3\" data-items_sm=\"2\" data-items_xs=\"1\" data-loop=\"1\" data-speed=\"800\" data-auto_play=\"1\" data-auto_play_speed=\"800\" data-auto_play_timeout=\"6000\" data-auto_play_hover=\"1\" data-navigation=\"1\" data-pagination=\"0\" data-mouse_drag=\"1\" data-touch_drag=\"1\" >\r\n          <div class=\"team-block team-v2 text-light\">\n\t\t<div class=\"team-content\">\n               <div class=\"bg-overlay blue\">\n            <div class=\"bg-overlay-1\"><\/div>\n            <div class=\"bg-overlay-2\"><\/div>\n         <\/div>\n         \n\t   <div class=\"team-content-inner\">\n         <div class=\"team-name\"><a href=\"https:\/\/www.smmk.sk\/?gva_team=laura-tomeckova\">Da\u0161a Va\u0148ov\u00e1<\/a><\/div>\n   \t      \n   \t   \t<div class=\"team-job\">KZA - Lok\u00e1lny koordin\u00e1tor klubu zahrani\u010dn\u00fdch aktiv\u00edt (SCORE)<\/div>\n   \t         <\/div>\n\t<\/div>\n<\/div>  <div class=\"team-block team-v2 text-light\">\n\t\t<div class=\"team-content\">\n               <div class=\"bg-overlay lightblue\">\n            <div class=\"bg-overlay-1\"><\/div>\n            <div class=\"bg-overlay-2\"><\/div>\n         <\/div>\n         \n\t   <div class=\"team-content-inner\">\n         <div class=\"team-name\"><a href=\"https:\/\/www.smmk.sk\/?gva_team=sofia-davidova\">Bar\u010da Mi\u013eov\u010d\u00edkov\u00e1<\/a><\/div>\n   \t      \n   \t   \t<div class=\"team-job\">KZA - Lok\u00e1lny koordin\u00e1tor klubu zahrani\u010dn\u00fdch aktiv\u00edt (SCOPE)<\/div>\n   \t         <\/div>\n\t<\/div>\n<\/div>  <div class=\"team-block team-v2 text-light\">\n\t\t<div class=\"team-content\">\n               <div class=\"bg-overlay lightblue\">\n            <div class=\"bg-overlay-1\"><\/div>\n            <div class=\"bg-overlay-2\"><\/div>\n         <\/div>\n         \n\t   <div class=\"team-content-inner\">\n         <div class=\"team-name\"><a href=\"https:\/\/www.smmk.sk\/?gva_team=eva-ester-ferjova\">Arnold Kratochv\u00edl<\/a><\/div>\n   \t      \n   \t   \t<div class=\"team-job\">LEO-OUT - Local exchange officer for outgoings<\/div>\n   \t         <\/div>\n\t<\/div>\n<\/div>  <div class=\"team-block team-v2 text-light\">\n\t\t<div class=\"team-content\">\n               <div class=\"bg-overlay orange\">\n            <div class=\"bg-overlay-1\"><\/div>\n            <div class=\"bg-overlay-2\"><\/div>\n         <\/div>\n         \n\t   <div class=\"team-content-inner\">\n         <div class=\"team-name\"><a href=\"https:\/\/www.smmk.sk\/?gva_team=michaela-hudakova\">Andrea Rosa<\/a><\/div>\n   \t      \n   \t   \t<div class=\"team-job\">LPO - Local _ officer<\/div>\n   \t         <\/div>\n\t<\/div>\n<\/div>  <div class=\"team-block team-v2 text-light\">\n\t\t<div class=\"team-content\">\n               <div class=\"bg-overlay black\">\n            <div class=\"bg-overlay-1\"><\/div>\n            <div class=\"bg-overlay-2\"><\/div>\n         <\/div>\n         \n\t   <div class=\"team-content-inner\">\n         <div class=\"team-name\"><a href=\"https:\/\/www.smmk.sk\/?gva_team=irena-slaminkova\">Patrik Bu\u010dek<\/a><\/div>\n   \t      \n   \t   \t<div class=\"team-job\">LOME - Local officer of medical education<\/div>\n   \t         <\/div>\n\t<\/div>\n<\/div>  <div class=\"team-block team-v2 text-light\">\n\t\t<div class=\"team-content\">\n               <div class=\"bg-overlay main\">\n            <div class=\"bg-overlay-1\"><\/div>\n            <div class=\"bg-overlay-2\"><\/div>\n         <\/div>\n         \n\t   <div class=\"team-content-inner\">\n         <div class=\"team-name\"><a href=\"https:\/\/www.smmk.sk\/?gva_team=laurie-laforest-copy-copy\">Daniella Jen\u010dov\u00e1<\/a><\/div>\n   \t      \n   \t   \t<div class=\"team-job\">Predseda SMMK<\/div>\n   \t         <\/div>\n\t<\/div>\n<\/div>        <\/div>\r\n   <\/div>\r\n  <\/div>\t\t<\/div>\n\t\t\t\t<\/div>\n\t\t\t\t\t<\/div>\n\t\t<\/div>\n\t\t\t\t\t\t\t<\/div>\n\t\t<\/section>\n\t\t\t\t\t\t\t<\/div>\n\t\t","protected":false},"excerpt":{"rendered":"<p>Discover About Oxpitan learn about non profit agency Tincidunt elit magnis nulla facilisis sagittis maecenas. Sapien nunced amet ultrices, dolores sit ipsum velit purus aliquet, massa fringilla leo orcium dolors sit amet elit magnis amet ultrices lorem ipsum is simply free text purusrfed aliquet. Lorem ipsum dolor sit amet, consectetuer adipiscing elit. Aenean commodo ligula [&hellip;]<\/p>\n","protected":false},"author":1,"featured_media":0,"parent":610,"menu_order":0,"comment_status":"closed","ping_status":"closed","template":"","meta":[],"_links":{"self":[{"href":"https:\/\/www.smmk.sk\/index.php?rest_route=\/wp\/v2\/pages\/612"}],"collection":[{"href":"https:\/\/www.smmk.sk\/index.php?rest_route=\/wp\/v2\/pages"}],"about":[{"href":"https:\/\/www.smmk.sk\/index.php?rest_route=\/wp\/v2\/types\/page"}],"author":[{"embeddable":true,"href":"https:\/\/www.smmk.sk\/index.php?rest_route=\/wp\/v2\/users\/1"}],"replies":[{"embeddable":true,"href":"https:\/\/www.smmk.sk\/index.php?rest_route=%2Fwp%2Fv2%2Fcomments&post=612"}],"version-history":[{"count":6,"href":"https:\/\/www.smmk.sk\/index.php?rest_route=\/wp\/v2\/pages\/612\/revisions"}],"predecessor-version":[{"id":5734,"href":"https:\/\/www.smmk.sk\/index.php?rest_route=\/wp\/v2\/pages\/612\/revisions\/5734"}],"up":[{"embeddable":true,"href":"https:\/\/www.smmk.sk\/index.php?rest_route=\/wp\/v2\/pages\/610"}],"wp:attachment":[{"href":"https:\/\/www.smmk.sk\/index.php?rest_route=%2Fwp%2Fv2%2Fmedia&parent=612"}],"curies":[{"name":"wp","href":"https:\/\/api.w.org\/{rel}","templated":true}]}}